{"id":155,"date":"2024-11-10T18:06:01","date_gmt":"2024-11-10T17:06:01","guid":{"rendered":"https:\/\/femstudio.hu\/?page_id=155"},"modified":"2024-11-16T21:33:21","modified_gmt":"2024-11-16T20:33:21","slug":"impresszum","status":"publish","type":"page","link":"https:\/\/femstudio.hu\/en\/impresszum\/","title":{"rendered":"Imprint"},"content":{"rendered":"<div style=\"height:60px\" aria-hidden=\"true\" class=\"wp-block-spacer\"><\/div>\n\n\n\n<h1 class=\"wp-block-heading\">Imprint <\/h1>\n\n\n\n<h2 class=\"wp-block-heading\">\u00dczemeltet\u0151 adatai<\/h2>\n\n\n\n<p>Vidovenyecz Fanni<br>C\u00edm: 5600 B\u00e9k\u00e9scsaba, Szab\u00f3 P\u00e1l t\u00e9r 9.<br>Email: info@femstudio.hu<br>Ad\u00f3sz\u00e1m: 56195556-1-24<\/p>\n\n\n\n<h2 class=\"wp-block-heading\">T\u00e1rhelyszolg\u00e1ltat\u00f3 adatai<\/h2>\n\n\n\n<p>Tarhely.eu Kft.<br>Email: support@tarhely.eu<br>C\u00edm: 1097&nbsp;Budapest,&nbsp;K\u00f6nyves K\u00e1lm\u00e1n k\u00f6r\u00fat 12-14.<\/p>\n\n\n\n<div style=\"height:120px\" aria-hidden=\"true\" class=\"wp-block-spacer\"><\/div>","protected":false},"excerpt":{"rendered":"<p>Impresszum \u00dczemeltet\u0151 adatai Vidovenyecz FanniC\u00edm: 5600 B\u00e9k\u00e9scsaba, Szab\u00f3 P\u00e1l t\u00e9r 9.Email: info@femstudio.huAd\u00f3sz\u00e1m: 56195556-1-24 T\u00e1rhelyszolg\u00e1ltat\u00f3 adatai Tarhely.eu Kft.Email: support@tarhely.euC\u00edm: 1097&nbsp;Budapest,&nbsp;K\u00f6nyves K\u00e1lm\u00e1n k\u00f6r\u00fat 12-14.<\/p>","protected":false},"author":1,"featured_media":0,"parent":0,"menu_order":0,"comment_status":"closed","ping_status":"closed","template":"","meta":{"footnotes":""},"class_list":["post-155","page","type-page","status-publish","hentry"],"yoast_head":"<!-- This site is optimized with the Yoast SEO plugin v27.2 - https:\/\/yoast.com\/product\/yoast-seo-wordpress\/ -->\n<title>Fem Studio<\/title>\n<meta name=\"description\" content=\"Tekintsd meg weboldalunk impresszum\u00e1t, ahol megtal\u00e1lod a m\u0171k\u00f6dtet\u0151 hivatalos adatait, el\u00e9rhet\u0151s\u00e9geit. K\u00e9rd\u00e9s eset\u00e9n keress bizalommal!\" \/>\n<meta name=\"robots\" content=\"index, follow, max-snippet:-1, max-image-preview:large, max-video-preview:-1\" \/>\n<link rel=\"canonical\" href=\"https:\/\/femstudio.hu\/en\/impresszum\/\" \/>\n<meta property=\"og:locale\" content=\"en_GB\" \/>\n<meta property=\"og:type\" content=\"article\" \/>\n<meta property=\"og:title\" content=\"Fem Studio\" \/>\n<meta property=\"og:description\" content=\"Tekintsd meg weboldalunk impresszum\u00e1t, ahol megtal\u00e1lod a m\u0171k\u00f6dtet\u0151 hivatalos adatait, el\u00e9rhet\u0151s\u00e9geit. K\u00e9rd\u00e9s eset\u00e9n keress bizalommal!\" \/>\n<meta property=\"og:url\" content=\"https:\/\/femstudio.hu\/en\/impresszum\/\" \/>\n<meta property=\"og:site_name\" content=\"Fem Studio\" \/>\n<meta property=\"article:publisher\" content=\"https:\/\/www.facebook.com\/profile.php?id=61570439585795\" \/>\n<meta property=\"article:modified_time\" content=\"2024-11-16T20:33:21+00:00\" \/>\n<meta property=\"og:image\" content=\"https:\/\/femstudio.hu\/wp-content\/uploads\/7-2.webp\" \/>\n\t<meta property=\"og:image:width\" content=\"2362\" \/>\n\t<meta property=\"og:image:height\" content=\"1653\" \/>\n\t<meta property=\"og:image:type\" content=\"image\/webp\" \/>\n<meta name=\"twitter:card\" content=\"summary_large_image\" \/>\n<meta name=\"twitter:label1\" content=\"Estimated reading time\" \/>\n\t<meta name=\"twitter:data1\" content=\"1 minute\" \/>\n<script type=\"application\/ld+json\" class=\"yoast-schema-graph\">{\"@context\":\"https:\/\/schema.org\",\"@graph\":[{\"@type\":\"WebPage\",\"@id\":\"https:\/\/femstudio.hu\/impresszum\/\",\"url\":\"https:\/\/femstudio.hu\/impresszum\/\",\"name\":\"Fem Studio\",\"isPartOf\":{\"@id\":\"https:\/\/femstudio.hu\/#website\"},\"datePublished\":\"2024-11-10T17:06:01+00:00\",\"dateModified\":\"2024-11-16T20:33:21+00:00\",\"description\":\"Tekintsd meg weboldalunk impresszum\u00e1t, ahol megtal\u00e1lod a m\u0171k\u00f6dtet\u0151 hivatalos adatait, el\u00e9rhet\u0151s\u00e9geit. K\u00e9rd\u00e9s eset\u00e9n keress bizalommal!\",\"breadcrumb\":{\"@id\":\"https:\/\/femstudio.hu\/impresszum\/#breadcrumb\"},\"inLanguage\":\"en-GB\",\"potentialAction\":[{\"@type\":\"ReadAction\",\"target\":[\"https:\/\/femstudio.hu\/impresszum\/\"]}]},{\"@type\":\"BreadcrumbList\",\"@id\":\"https:\/\/femstudio.hu\/impresszum\/#breadcrumb\",\"itemListElement\":[{\"@type\":\"ListItem\",\"position\":1,\"name\":\"Kezd\u0151lap\",\"item\":\"https:\/\/femstudio.hu\/\"},{\"@type\":\"ListItem\",\"position\":2,\"name\":\"Impresszum\"}]},{\"@type\":\"WebSite\",\"@id\":\"https:\/\/femstudio.hu\/#website\",\"url\":\"https:\/\/femstudio.hu\/\",\"name\":\"Fem Studio\",\"description\":\"Weboldal tervez\u00e9st\u0151l a kivitelez\u00e9sig\",\"publisher\":{\"@id\":\"https:\/\/femstudio.hu\/#organization\"},\"potentialAction\":[{\"@type\":\"SearchAction\",\"target\":{\"@type\":\"EntryPoint\",\"urlTemplate\":\"https:\/\/femstudio.hu\/?s={search_term_string}\"},\"query-input\":{\"@type\":\"PropertyValueSpecification\",\"valueRequired\":true,\"valueName\":\"search_term_string\"}}],\"inLanguage\":\"en-GB\"},{\"@type\":\"Organization\",\"@id\":\"https:\/\/femstudio.hu\/#organization\",\"name\":\"Fem Studio\",\"url\":\"https:\/\/femstudio.hu\/\",\"logo\":{\"@type\":\"ImageObject\",\"inLanguage\":\"en-GB\",\"@id\":\"https:\/\/femstudio.hu\/#\/schema\/logo\/image\/\",\"url\":\"https:\/\/femstudio.hu\/wp-content\/uploads\/cropped-Group-69.png\",\"contentUrl\":\"https:\/\/femstudio.hu\/wp-content\/uploads\/cropped-Group-69.png\",\"width\":512,\"height\":512,\"caption\":\"Fem Studio\"},\"image\":{\"@id\":\"https:\/\/femstudio.hu\/#\/schema\/logo\/image\/\"},\"sameAs\":[\"https:\/\/www.facebook.com\/profile.php?id=61570439585795\",\"https:\/\/www.instagram.com\/femstudio.hu\/\"]}]}<\/script>\n<!-- \/ Yoast SEO plugin. -->","yoast_head_json":{"title":"Fem Studio","description":"Tekintsd meg weboldalunk impresszum\u00e1t, ahol megtal\u00e1lod a m\u0171k\u00f6dtet\u0151 hivatalos adatait, el\u00e9rhet\u0151s\u00e9geit. K\u00e9rd\u00e9s eset\u00e9n keress bizalommal!","robots":{"index":"index","follow":"follow","max-snippet":"max-snippet:-1","max-image-preview":"max-image-preview:large","max-video-preview":"max-video-preview:-1"},"canonical":"https:\/\/femstudio.hu\/en\/impresszum\/","og_locale":"en_GB","og_type":"article","og_title":"Fem Studio","og_description":"Tekintsd meg weboldalunk impresszum\u00e1t, ahol megtal\u00e1lod a m\u0171k\u00f6dtet\u0151 hivatalos adatait, el\u00e9rhet\u0151s\u00e9geit. K\u00e9rd\u00e9s eset\u00e9n keress bizalommal!","og_url":"https:\/\/femstudio.hu\/en\/impresszum\/","og_site_name":"Fem Studio","article_publisher":"https:\/\/www.facebook.com\/profile.php?id=61570439585795","article_modified_time":"2024-11-16T20:33:21+00:00","og_image":[{"width":2362,"height":1653,"url":"https:\/\/femstudio.hu\/wp-content\/uploads\/7-2.webp","type":"image\/webp"}],"twitter_card":"summary_large_image","twitter_misc":{"Estimated reading time":"1 minute"},"schema":{"@context":"https:\/\/schema.org","@graph":[{"@type":"WebPage","@id":"https:\/\/femstudio.hu\/impresszum\/","url":"https:\/\/femstudio.hu\/impresszum\/","name":"Fem Studio","isPartOf":{"@id":"https:\/\/femstudio.hu\/#website"},"datePublished":"2024-11-10T17:06:01+00:00","dateModified":"2024-11-16T20:33:21+00:00","description":"Tekintsd meg weboldalunk impresszum\u00e1t, ahol megtal\u00e1lod a m\u0171k\u00f6dtet\u0151 hivatalos adatait, el\u00e9rhet\u0151s\u00e9geit. K\u00e9rd\u00e9s eset\u00e9n keress bizalommal!","breadcrumb":{"@id":"https:\/\/femstudio.hu\/impresszum\/#breadcrumb"},"inLanguage":"en-GB","potentialAction":[{"@type":"ReadAction","target":["https:\/\/femstudio.hu\/impresszum\/"]}]},{"@type":"BreadcrumbList","@id":"https:\/\/femstudio.hu\/impresszum\/#breadcrumb","itemListElement":[{"@type":"ListItem","position":1,"name":"Kezd\u0151lap","item":"https:\/\/femstudio.hu\/"},{"@type":"ListItem","position":2,"name":"Impresszum"}]},{"@type":"WebSite","@id":"https:\/\/femstudio.hu\/#website","url":"https:\/\/femstudio.hu\/","name":"Fem Studio","description":"Weboldal tervez\u00e9st\u0151l a kivitelez\u00e9sig","publisher":{"@id":"https:\/\/femstudio.hu\/#organization"},"potentialAction":[{"@type":"SearchAction","target":{"@type":"EntryPoint","urlTemplate":"https:\/\/femstudio.hu\/?s={search_term_string}"},"query-input":{"@type":"PropertyValueSpecification","valueRequired":true,"valueName":"search_term_string"}}],"inLanguage":"en-GB"},{"@type":"Organization","@id":"https:\/\/femstudio.hu\/#organization","name":"Fem Studio","url":"https:\/\/femstudio.hu\/","logo":{"@type":"ImageObject","inLanguage":"en-GB","@id":"https:\/\/femstudio.hu\/#\/schema\/logo\/image\/","url":"https:\/\/femstudio.hu\/wp-content\/uploads\/cropped-Group-69.png","contentUrl":"https:\/\/femstudio.hu\/wp-content\/uploads\/cropped-Group-69.png","width":512,"height":512,"caption":"Fem Studio"},"image":{"@id":"https:\/\/femstudio.hu\/#\/schema\/logo\/image\/"},"sameAs":["https:\/\/www.facebook.com\/profile.php?id=61570439585795","https:\/\/www.instagram.com\/femstudio.hu\/"]}]}},"_links":{"self":[{"href":"https:\/\/femstudio.hu\/en\/wp-json\/wp\/v2\/pages\/155","targetHints":{"allow":["GET"]}}],"collection":[{"href":"https:\/\/femstudio.hu\/en\/wp-json\/wp\/v2\/pages"}],"about":[{"href":"https:\/\/femstudio.hu\/en\/wp-json\/wp\/v2\/types\/page"}],"author":[{"embeddable":true,"href":"https:\/\/femstudio.hu\/en\/wp-json\/wp\/v2\/users\/1"}],"replies":[{"embeddable":true,"href":"https:\/\/femstudio.hu\/en\/wp-json\/wp\/v2\/comments?post=155"}],"version-history":[{"count":5,"href":"https:\/\/femstudio.hu\/en\/wp-json\/wp\/v2\/pages\/155\/revisions"}],"predecessor-version":[{"id":199,"href":"https:\/\/femstudio.hu\/en\/wp-json\/wp\/v2\/pages\/155\/revisions\/199"}],"wp:attachment":[{"href":"https:\/\/femstudio.hu\/en\/wp-json\/wp\/v2\/media?parent=155"}],"curies":[{"name":"wp","href":"https:\/\/api.w.org\/{rel}","templated":true}]}}