{"id":150,"date":"2024-11-10T18:05:09","date_gmt":"2024-11-10T17:05:09","guid":{"rendered":"https:\/\/femstudio.hu\/?page_id=150"},"modified":"2024-11-16T21:36:48","modified_gmt":"2024-11-16T20:36:48","slug":"kapcsolat","status":"publish","type":"page","link":"https:\/\/femstudio.hu\/en\/kapcsolat\/","title":{"rendered":"Contact"},"content":{"rendered":"<h1 class=\"wp-block-heading has-text-align-center contact-h1\">Contact<\/h1>\n\n\n\n<p class=\"has-text-align-center\">\u201cDo you have a question or would you like to request a quote? Send me a message and I\u2019ll get back to you within 24 hours!\u201d<\/p>\n\n\n\n<div class=\"wp-block-contact-form-7-contact-form-selector contact-panel\">\n<div class=\"wpcf7 no-js\" id=\"wpcf7-f168-o1\" lang=\"hu-HU\" dir=\"ltr\" data-wpcf7-id=\"168\">\n<div class=\"screen-reader-response\"><p role=\"status\" aria-live=\"polite\" aria-atomic=\"true\"><\/p> <ul><\/ul><\/div>\n<form action=\"\/en\/wp-json\/wp\/v2\/pages\/150#wpcf7-f168-o1\" method=\"post\" class=\"wpcf7-form init\" aria-label=\"Kapcsolatfelv\u00e9teli \u0171rlap\" novalidate=\"novalidate\" data-status=\"init\" data-trp-original-action=\"\/en\/wp-json\/wp\/v2\/pages\/150#wpcf7-f168-o1\">\n<fieldset class=\"hidden-fields-container\"><input type=\"hidden\" name=\"_wpcf7\" value=\"168\" \/><input type=\"hidden\" name=\"_wpcf7_version\" value=\"6.1.5\" \/><input type=\"hidden\" name=\"_wpcf7_locale\" value=\"hu_HU\" \/><input type=\"hidden\" name=\"_wpcf7_unit_tag\" value=\"wpcf7-f168-o1\" \/><input type=\"hidden\" name=\"_wpcf7_container_post\" value=\"0\" \/><input type=\"hidden\" name=\"_wpcf7_posted_data_hash\" value=\"\" \/>\n<\/fieldset>\n<p><span class=\"wpcf7-form-control-wrap\" data-name=\"your-name\"><input size=\"40\" maxlength=\"400\" class=\"wpcf7-form-control wpcf7-text wpcf7-validates-as-required\" autocomplete=\"name\" aria-required=\"true\" aria-invalid=\"false\" placeholder=\"Name*\" value=\"\" type=\"text\" name=\"your-name\" \/><\/span><br \/>\n<span class=\"wpcf7-form-control-wrap\" data-name=\"your-email\"><input size=\"40\" maxlength=\"400\" class=\"wpcf7-form-control wpcf7-email wpcf7-validates-as-required wpcf7-text wpcf7-validates-as-email\" autocomplete=\"email\" aria-required=\"true\" aria-invalid=\"false\" placeholder=\"E-mail address*\" value=\"\" type=\"email\" name=\"your-email\" \/><\/span><br \/>\n<span class=\"wpcf7-form-control-wrap\" data-name=\"select-997\"><select class=\"wpcf7-form-control wpcf7-select\" aria-invalid=\"false\" name=\"select-997\"><option value=\"Kis arculat\">Small-scale branding design<\/option><option value=\"Egyedi weboldal\">Custom website<\/option><option value=\"Karbantart\u00e1s\">Maintenance<\/option><option value=\"Egy\u00e9b\">Egy\u00e9b<\/option><\/select><\/span><br \/>\n<label> \u201cPlease write a few words about what you\u2019d like. We\u2019ll discuss the details later.\u201d<br \/>\n<span class=\"wpcf7-form-control-wrap\" data-name=\"your-message\"><textarea cols=\"40\" rows=\"10\" maxlength=\"2000\" class=\"wpcf7-form-control wpcf7-textarea\" aria-invalid=\"false\" placeholder=\"Message\" name=\"your-message\"><\/textarea><\/span> <\/label><br \/>\n<span class=\"wpcf7-form-control-wrap\" data-name=\"acceptance-19\"><span class=\"wpcf7-form-control wpcf7-acceptance\"><span class=\"wpcf7-list-item\"><label><input type=\"checkbox\" name=\"acceptance-19\" value=\"1\" aria-invalid=\"false\" \/><span class=\"wpcf7-list-item-label\">I read and accepted the <a href=\"\/en\/?page_id=3\"> the Privacy policy. <\/a> foglaltakat.<\/span><\/label><\/span><\/span><\/span>\n<\/p>\n<p><input class=\"wpcf7-form-control wpcf7-submit has-spinner\" type=\"submit\" value=\"Send\" \/>\n<\/p><div class=\"wpcf7-response-output\" aria-hidden=\"true\"><\/div>\n<input type=\"hidden\" name=\"trp-form-language\" value=\"en\"\/><\/form>\n<\/div>\n<\/div>\n\n\n\n<div class=\"wp-block-group portfolio full-wide\"><div class=\"wp-block-group__inner-container is-layout-constrained wp-block-group-is-layout-constrained\">\n<h2 class=\"wp-block-heading has-text-align-center\">Projects<\/h2>\n\n\n\n<div class=\"wp-block-buttons is-content-justification-center is-layout-flex wp-container-core-buttons-is-layout-16018d1d wp-block-buttons-is-layout-flex\">\n<div class=\"wp-block-button\"><a class=\"wp-block-button__link wp-element-button\" href=\"https:\/\/femstudio.hu\/en\/?page_id=146\"><div class=\"line-top\"><\/div>\n    <div class=\"line-right\"><\/div>\n    <div class=\"line-bottom\"><\/div>\n    <div class=\"line-left\"><\/div>Let's see!<\/a><\/div>\n<\/div>\n<\/div><\/div>","protected":false},"excerpt":{"rendered":"<p>Kapcsolat K\u00e9rd\u00e9sed van vagy szeretn\u00e9l aj\u00e1nlatot k\u00e9rni? \u00cdrj nekem \u00e9s 24 \u00f3r\u00e1n bel\u00fcl v\u00e1laszolok! Munk\u00e1im<\/p>","protected":false},"author":1,"featured_media":265,"parent":0,"menu_order":0,"comment_status":"closed","ping_status":"closed","template":"","meta":{"footnotes":""},"class_list":["post-150","page","type-page","status-publish","has-post-thumbnail","hentry"],"yoast_head":"<!-- This site is optimized with the Yoast SEO plugin v27.2 - https:\/\/yoast.com\/product\/yoast-seo-wordpress\/ -->\n<title>Fem Studio<\/title>\n<meta name=\"description\" content=\"Jelentkezz ingyenes konzult\u00e1ci\u00f3ra! T\u00f6ltsd ki a kapcsolatfelv\u00e9teli \u0171rlapot \u00e9s m\u00e1r kezdhetj\u00fck is a k\u00f6z\u00f6s munk\u00e1t!\" \/>\n<meta name=\"robots\" content=\"index, follow, max-snippet:-1, max-image-preview:large, max-video-preview:-1\" \/>\n<link rel=\"canonical\" href=\"https:\/\/femstudio.hu\/en\/kapcsolat\/\" \/>\n<meta property=\"og:locale\" content=\"en_GB\" \/>\n<meta property=\"og:type\" content=\"article\" \/>\n<meta property=\"og:title\" content=\"Fem Studio\" \/>\n<meta property=\"og:description\" content=\"Jelentkezz ingyenes konzult\u00e1ci\u00f3ra! T\u00f6ltsd ki a kapcsolatfelv\u00e9teli \u0171rlapot \u00e9s m\u00e1r kezdhetj\u00fck is a k\u00f6z\u00f6s munk\u00e1t!\" \/>\n<meta property=\"og:url\" content=\"https:\/\/femstudio.hu\/en\/kapcsolat\/\" \/>\n<meta property=\"og:site_name\" content=\"Fem Studio\" \/>\n<meta property=\"article:publisher\" content=\"https:\/\/www.facebook.com\/profile.php?id=61570439585795\" \/>\n<meta property=\"article:modified_time\" content=\"2024-11-16T20:36:48+00:00\" \/>\n<meta property=\"og:image\" content=\"https:\/\/femstudio.hu\/wp-content\/uploads\/blog13-2.webp\" \/>\n\t<meta property=\"og:image:width\" content=\"700\" \/>\n\t<meta property=\"og:image:height\" content=\"500\" \/>\n\t<meta property=\"og:image:type\" content=\"image\/webp\" \/>\n<meta name=\"twitter:card\" content=\"summary_large_image\" \/>\n<meta name=\"twitter:label1\" content=\"Estimated reading time\" \/>\n\t<meta name=\"twitter:data1\" content=\"1 minute\" \/>\n<script type=\"application\/ld+json\" class=\"yoast-schema-graph\">{\"@context\":\"https:\/\/schema.org\",\"@graph\":[{\"@type\":\"WebPage\",\"@id\":\"https:\/\/femstudio.hu\/kapcsolat\/\",\"url\":\"https:\/\/femstudio.hu\/kapcsolat\/\",\"name\":\"Fem Studio\",\"isPartOf\":{\"@id\":\"https:\/\/femstudio.hu\/#website\"},\"primaryImageOfPage\":{\"@id\":\"https:\/\/femstudio.hu\/kapcsolat\/#primaryimage\"},\"image\":{\"@id\":\"https:\/\/femstudio.hu\/kapcsolat\/#primaryimage\"},\"thumbnailUrl\":\"https:\/\/femstudio.hu\/wp-content\/uploads\/blog13-2.webp\",\"datePublished\":\"2024-11-10T17:05:09+00:00\",\"dateModified\":\"2024-11-16T20:36:48+00:00\",\"description\":\"Jelentkezz ingyenes konzult\u00e1ci\u00f3ra! T\u00f6ltsd ki a kapcsolatfelv\u00e9teli \u0171rlapot \u00e9s m\u00e1r kezdhetj\u00fck is a k\u00f6z\u00f6s munk\u00e1t!\",\"breadcrumb\":{\"@id\":\"https:\/\/femstudio.hu\/kapcsolat\/#breadcrumb\"},\"inLanguage\":\"en-GB\",\"potentialAction\":[{\"@type\":\"ReadAction\",\"target\":[\"https:\/\/femstudio.hu\/kapcsolat\/\"]}]},{\"@type\":\"ImageObject\",\"inLanguage\":\"en-GB\",\"@id\":\"https:\/\/femstudio.hu\/kapcsolat\/#primaryimage\",\"url\":\"https:\/\/femstudio.hu\/wp-content\/uploads\/blog13-2.webp\",\"contentUrl\":\"https:\/\/femstudio.hu\/wp-content\/uploads\/blog13-2.webp\",\"width\":700,\"height\":500,\"caption\":\"egyedi-wordpress-sablon\"},{\"@type\":\"BreadcrumbList\",\"@id\":\"https:\/\/femstudio.hu\/kapcsolat\/#breadcrumb\",\"itemListElement\":[{\"@type\":\"ListItem\",\"position\":1,\"name\":\"Kezd\u0151lap\",\"item\":\"https:\/\/femstudio.hu\/\"},{\"@type\":\"ListItem\",\"position\":2,\"name\":\"Kapcsolat\"}]},{\"@type\":\"WebSite\",\"@id\":\"https:\/\/femstudio.hu\/#website\",\"url\":\"https:\/\/femstudio.hu\/\",\"name\":\"Fem Studio\",\"description\":\"Weboldal tervez\u00e9st\u0151l a kivitelez\u00e9sig\",\"publisher\":{\"@id\":\"https:\/\/femstudio.hu\/#organization\"},\"potentialAction\":[{\"@type\":\"SearchAction\",\"target\":{\"@type\":\"EntryPoint\",\"urlTemplate\":\"https:\/\/femstudio.hu\/?s={search_term_string}\"},\"query-input\":{\"@type\":\"PropertyValueSpecification\",\"valueRequired\":true,\"valueName\":\"search_term_string\"}}],\"inLanguage\":\"en-GB\"},{\"@type\":\"Organization\",\"@id\":\"https:\/\/femstudio.hu\/#organization\",\"name\":\"Fem Studio\",\"url\":\"https:\/\/femstudio.hu\/\",\"logo\":{\"@type\":\"ImageObject\",\"inLanguage\":\"en-GB\",\"@id\":\"https:\/\/femstudio.hu\/#\/schema\/logo\/image\/\",\"url\":\"https:\/\/femstudio.hu\/wp-content\/uploads\/cropped-Group-69.png\",\"contentUrl\":\"https:\/\/femstudio.hu\/wp-content\/uploads\/cropped-Group-69.png\",\"width\":512,\"height\":512,\"caption\":\"Fem Studio\"},\"image\":{\"@id\":\"https:\/\/femstudio.hu\/#\/schema\/logo\/image\/\"},\"sameAs\":[\"https:\/\/www.facebook.com\/profile.php?id=61570439585795\",\"https:\/\/www.instagram.com\/femstudio.hu\/\"]}]}<\/script>\n<!-- \/ Yoast SEO plugin. -->","yoast_head_json":{"title":"Fem Studio","description":"Jelentkezz ingyenes konzult\u00e1ci\u00f3ra! T\u00f6ltsd ki a kapcsolatfelv\u00e9teli \u0171rlapot \u00e9s m\u00e1r kezdhetj\u00fck is a k\u00f6z\u00f6s munk\u00e1t!","robots":{"index":"index","follow":"follow","max-snippet":"max-snippet:-1","max-image-preview":"max-image-preview:large","max-video-preview":"max-video-preview:-1"},"canonical":"https:\/\/femstudio.hu\/en\/kapcsolat\/","og_locale":"en_GB","og_type":"article","og_title":"Fem Studio","og_description":"Jelentkezz ingyenes konzult\u00e1ci\u00f3ra! T\u00f6ltsd ki a kapcsolatfelv\u00e9teli \u0171rlapot \u00e9s m\u00e1r kezdhetj\u00fck is a k\u00f6z\u00f6s munk\u00e1t!","og_url":"https:\/\/femstudio.hu\/en\/kapcsolat\/","og_site_name":"Fem Studio","article_publisher":"https:\/\/www.facebook.com\/profile.php?id=61570439585795","article_modified_time":"2024-11-16T20:36:48+00:00","og_image":[{"width":700,"height":500,"url":"https:\/\/femstudio.hu\/wp-content\/uploads\/blog13-2.webp","type":"image\/webp"}],"twitter_card":"summary_large_image","twitter_misc":{"Estimated reading time":"1 minute"},"schema":{"@context":"https:\/\/schema.org","@graph":[{"@type":"WebPage","@id":"https:\/\/femstudio.hu\/kapcsolat\/","url":"https:\/\/femstudio.hu\/kapcsolat\/","name":"Fem Studio","isPartOf":{"@id":"https:\/\/femstudio.hu\/#website"},"primaryImageOfPage":{"@id":"https:\/\/femstudio.hu\/kapcsolat\/#primaryimage"},"image":{"@id":"https:\/\/femstudio.hu\/kapcsolat\/#primaryimage"},"thumbnailUrl":"https:\/\/femstudio.hu\/wp-content\/uploads\/blog13-2.webp","datePublished":"2024-11-10T17:05:09+00:00","dateModified":"2024-11-16T20:36:48+00:00","description":"Jelentkezz ingyenes konzult\u00e1ci\u00f3ra! T\u00f6ltsd ki a kapcsolatfelv\u00e9teli \u0171rlapot \u00e9s m\u00e1r kezdhetj\u00fck is a k\u00f6z\u00f6s munk\u00e1t!","breadcrumb":{"@id":"https:\/\/femstudio.hu\/kapcsolat\/#breadcrumb"},"inLanguage":"en-GB","potentialAction":[{"@type":"ReadAction","target":["https:\/\/femstudio.hu\/kapcsolat\/"]}]},{"@type":"ImageObject","inLanguage":"en-GB","@id":"https:\/\/femstudio.hu\/kapcsolat\/#primaryimage","url":"https:\/\/femstudio.hu\/wp-content\/uploads\/blog13-2.webp","contentUrl":"https:\/\/femstudio.hu\/wp-content\/uploads\/blog13-2.webp","width":700,"height":500,"caption":"egyedi-wordpress-sablon"},{"@type":"BreadcrumbList","@id":"https:\/\/femstudio.hu\/kapcsolat\/#breadcrumb","itemListElement":[{"@type":"ListItem","position":1,"name":"Kezd\u0151lap","item":"https:\/\/femstudio.hu\/"},{"@type":"ListItem","position":2,"name":"Kapcsolat"}]},{"@type":"WebSite","@id":"https:\/\/femstudio.hu\/#website","url":"https:\/\/femstudio.hu\/","name":"Fem Studio","description":"Weboldal tervez\u00e9st\u0151l a kivitelez\u00e9sig","publisher":{"@id":"https:\/\/femstudio.hu\/#organization"},"potentialAction":[{"@type":"SearchAction","target":{"@type":"EntryPoint","urlTemplate":"https:\/\/femstudio.hu\/?s={search_term_string}"},"query-input":{"@type":"PropertyValueSpecification","valueRequired":true,"valueName":"search_term_string"}}],"inLanguage":"en-GB"},{"@type":"Organization","@id":"https:\/\/femstudio.hu\/#organization","name":"Fem Studio","url":"https:\/\/femstudio.hu\/","logo":{"@type":"ImageObject","inLanguage":"en-GB","@id":"https:\/\/femstudio.hu\/#\/schema\/logo\/image\/","url":"https:\/\/femstudio.hu\/wp-content\/uploads\/cropped-Group-69.png","contentUrl":"https:\/\/femstudio.hu\/wp-content\/uploads\/cropped-Group-69.png","width":512,"height":512,"caption":"Fem Studio"},"image":{"@id":"https:\/\/femstudio.hu\/#\/schema\/logo\/image\/"},"sameAs":["https:\/\/www.facebook.com\/profile.php?id=61570439585795","https:\/\/www.instagram.com\/femstudio.hu\/"]}]}},"_links":{"self":[{"href":"https:\/\/femstudio.hu\/en\/wp-json\/wp\/v2\/pages\/150","targetHints":{"allow":["GET"]}}],"collection":[{"href":"https:\/\/femstudio.hu\/en\/wp-json\/wp\/v2\/pages"}],"about":[{"href":"https:\/\/femstudio.hu\/en\/wp-json\/wp\/v2\/types\/page"}],"author":[{"embeddable":true,"href":"https:\/\/femstudio.hu\/en\/wp-json\/wp\/v2\/users\/1"}],"replies":[{"embeddable":true,"href":"https:\/\/femstudio.hu\/en\/wp-json\/wp\/v2\/comments?post=150"}],"version-history":[{"count":8,"href":"https:\/\/femstudio.hu\/en\/wp-json\/wp\/v2\/pages\/150\/revisions"}],"predecessor-version":[{"id":301,"href":"https:\/\/femstudio.hu\/en\/wp-json\/wp\/v2\/pages\/150\/revisions\/301"}],"wp:featuredmedia":[{"embeddable":true,"href":"https:\/\/femstudio.hu\/en\/wp-json\/wp\/v2\/media\/265"}],"wp:attachment":[{"href":"https:\/\/femstudio.hu\/en\/wp-json\/wp\/v2\/media?parent=150"}],"curies":[{"name":"wp","href":"https:\/\/api.w.org\/{rel}","templated":true}]}}