{"id":148,"date":"2024-11-10T18:04:46","date_gmt":"2024-11-10T17:04:46","guid":{"rendered":"https:\/\/femstudio.hu\/?page_id=148"},"modified":"2025-01-25T19:31:34","modified_gmt":"2025-01-25T18:31:34","slug":"szolgaltatasok","status":"publish","type":"page","link":"https:\/\/femstudio.hu\/en\/szolgaltatasok\/","title":{"rendered":"Services"},"content":{"rendered":"<h1 class=\"wp-block-heading has-text-align-center contact-h1\">Services<\/h1>\n\n\n\n<p class=\"has-text-align-center\">Ha m\u00e9g nem tudod pontosan mit szeretn\u00e9l, \u00edrj nyugodtan egyedi aj\u00e1nlat\u00e9rt \u00e9s seg\u00edtek!<\/p>\n\n\n\n<div style=\"height:90px\" aria-hidden=\"true\" class=\"wp-block-spacer\"><\/div>\n\n\n\n<div class=\"wp-block-columns are-vertically-aligned-center is-layout-flex wp-container-core-columns-is-layout-9d6595d7 wp-block-columns-is-layout-flex\">\n<div class=\"wp-block-column is-vertically-aligned-center order-change is-layout-flow wp-block-column-is-layout-flow\">\n<h2 class=\"wp-block-heading\" id=\"design\">Kisarculat<\/h2>\n\n\n\n<p>V\u00e1llalkoz\u00e1sod lelke az arculatod. Ahhoz, hogy ki tudj emelkedni a versenyt\u00e1rsak k\u00f6z\u00fcl sz\u00fcks\u00e9ged lesz egy egys\u00e9ges megjelen\u00e9sre, amelyet minden fel\u00fcleten \u00e9s eszk\u00f6z\u00f6n tudsz haszn\u00e1lni.<\/p>\n\n\n\n<h3 class=\"wp-block-heading\">Mire van sz\u00fcks\u00e9ged m\u00e1r a kisarculat el\u0151tt, hogy tudjunk egy\u00fctt dolgozni?<\/h3>\n\n\n\n<p>A v\u00e1llalkoz\u00e1sod neve. Ha ez megvan akkor kezdhetj\u00fck is a k\u00f6z\u00f6s munk\u00e1t!<\/p>\n\n\n\n<div class=\"wp-block-buttons is-layout-flex wp-block-buttons-is-layout-flex\">\n<div class=\"wp-block-button\"><a class=\"wp-block-button__link wp-element-button\" href=\"https:\/\/femstudio.hu\/en\/?page_id=150\">\n<div class=\"line-top\"><\/div>\n<div class=\"line-right\"><\/div>\n<div class=\"line-bottom\"><\/div>\n<div class=\"line-left\"><\/div>V\u00e1gjunk bele!<\/a><\/div>\n<\/div>\n<\/div>\n\n\n\n<div class=\"wp-block-column is-vertically-aligned-center is-layout-flow wp-block-column-is-layout-flow\">\n<figure class=\"wp-block-image size-full\"><img loading=\"lazy\" decoding=\"async\" width=\"740\" height=\"462\" sizes=\"auto, (max-width: 740px) 100vw, 740px\" src=\"https:\/\/femstudio.hu\/wp-content\/uploads\/brandcolor-2.webp\" alt=\"arculattervezes\" class=\"wp-image-233\" srcset=\"https:\/\/femstudio.hu\/wp-content\/uploads\/brandcolor-2.webp 740w, https:\/\/femstudio.hu\/wp-content\/uploads\/brandcolor-2-300x187.webp 300w\" \/><\/figure>\n<\/div>\n<\/div>\n\n\n\n<h3 class=\"wp-block-heading\">Kisarculat tartalma<\/h3>\n\n\n\n<div class=\"wp-block-group row\"><div class=\"wp-block-group__inner-container is-layout-constrained wp-block-group-is-layout-constrained\">\n<div class=\"wp-block-group col-1-6 square hide\"><div class=\"wp-block-group__inner-container is-layout-constrained wp-block-group-is-layout-constrained\">\n<h4 class=\"wp-block-heading has-text-align-center\">Moodboard<\/h4>\n\n\n\n<p class=\"has-text-align-center\">A konzult\u00e1ci\u00f3 ut\u00e1n az arculat hangulat\u00e1t \u00e9s sz\u00ednvil\u00e1g\u00e1t hat\u00e1rozom meg.<\/p>\n<\/div><\/div>\n\n\n\n<div class=\"wp-block-group square col-1-6 hide\"><div class=\"wp-block-group__inner-container is-layout-constrained wp-block-group-is-layout-constrained\">\n<h4 class=\"wp-block-heading has-text-align-center\">Els\u0151dleges log\u00f3<\/h4>\n\n\n\n<p class=\"has-text-align-center\">Elk\u00e9sz\u00edtem az els\u0151dleges log\u00f3t, amit a legt\u00f6bb esetben haszn\u00e1lni fogsz.<\/p>\n<\/div><\/div>\n\n\n\n<div class=\"wp-block-group square col-1-6 hide\"><div class=\"wp-block-group__inner-container is-layout-constrained wp-block-group-is-layout-constrained\">\n<h4 class=\"wp-block-heading has-text-align-center\">M\u00e1sodlagos log\u00f3<\/h4>\n\n\n\n<p class=\"has-text-align-center\">A m\u00e1sodlagos log\u00f3 az els\u0151dlegesnek egy v\u00e1ltozata, ahol nem f\u00e9r el az els\u0151dleges oda tudod haszn\u00e1lni.<\/p>\n<\/div><\/div>\n\n\n\n<div class=\"wp-block-group square col-1-6 hide\"><div class=\"wp-block-group__inner-container is-layout-constrained wp-block-group-is-layout-constrained\">\n<h4 class=\"wp-block-heading has-text-align-center\">Bet\u0171t\u00edpusok<\/h4>\n\n\n\n<p class=\"has-text-align-center\">\u00c1ltal\u00e1ban max. 2-3 fontot fogunk haszn\u00e1lni, ezt is az arculathoz igaz\u00edtva.<\/p>\n<\/div><\/div>\n\n\n\n<div class=\"wp-block-group square col-1-6 hide\"><div class=\"wp-block-group__inner-container is-layout-constrained wp-block-group-is-layout-constrained\">\n<h4 class=\"wp-block-heading has-text-align-center\">Colour palette<\/h4>\n\n\n\n<p class=\"has-text-align-center\">A sz\u00ednpalett\u00e1t a m\u00e1rk\u00e1hoz \u00e9s a c\u00e9lcsoporthoz szabom meg. Minden sz\u00edn m\u00e1s-m\u00e1s \u00e9rzelmet fog kiv\u00e1ltani.<\/p>\n<\/div><\/div>\n\n\n\n<div class=\"wp-block-group square col-1-6 hide\"><div class=\"wp-block-group__inner-container is-layout-constrained wp-block-group-is-layout-constrained\">\n<h4 class=\"wp-block-heading has-text-align-center\">Kisarculat k\u00e9zik\u00f6nyv<\/h4>\n\n\n\n<p class=\"has-text-align-center\">Ez a kis k\u00e9zik\u00f6nyv fogja tartalmazni, hogy melyik elemet hogyan \u00e9s hol haszn\u00e1lhatod hat\u00e9konyan.<\/p>\n<\/div><\/div>\n<\/div><\/div>\n\n\n\n<div style=\"height:60px\" aria-hidden=\"true\" class=\"wp-block-spacer\"><\/div>\n\n\n<div class=\"wp-block-image\">\n<figure class=\"aligncenter size-full\"><img decoding=\"async\" src=\"https:\/\/femstudio.hu\/wp-content\/uploads\/2024\/11\/Group-58.svg\" alt=\"dekor-karikak\" class=\"wp-image-58\"\/><\/figure>\n<\/div>\n\n\n<div style=\"height:60px\" aria-hidden=\"true\" class=\"wp-block-spacer\"><\/div>\n\n\n\n<div class=\"wp-block-columns are-vertically-aligned-center is-layout-flex wp-container-core-columns-is-layout-9d6595d7 wp-block-columns-is-layout-flex\">\n<div class=\"wp-block-column is-vertically-aligned-center is-layout-flow wp-block-column-is-layout-flow\">\n<figure class=\"wp-block-image size-full\"><img loading=\"lazy\" decoding=\"async\" width=\"740\" height=\"462\" sizes=\"auto, (max-width: 740px) 100vw, 740px\" src=\"https:\/\/femstudio.hu\/wp-content\/uploads\/site-2.webp\" alt=\"\" class=\"wp-image-182\" srcset=\"https:\/\/femstudio.hu\/wp-content\/uploads\/site-2.webp 740w, https:\/\/femstudio.hu\/wp-content\/uploads\/site-2-300x187.webp 300w\" \/><\/figure>\n<\/div>\n\n\n\n<div class=\"wp-block-column is-vertically-aligned-center is-layout-flow wp-block-column-is-layout-flow\">\n<h2 class=\"wp-block-heading\" id=\"website\">Custom website<\/h2>\n\n\n\n<p>Egy j\u00f3l m\u0171k\u00f6d\u0151 weboldal hatalmasat lend\u00edthet a v\u00e1llalkoz\u00e1sodon, ehhez sz\u00fcks\u00e9g van egy j\u00f3, a v\u00e1llalkoz\u00e1sodhoz ill\u0151 designra \u00e9s egy j\u00f3l meg\u00edrt, tiszta k\u00f3dra is. Ebben tudok neked seg\u00edteni! Nem kell k\u00fcl\u00f6n designert \u00e9s webdevelopert keresned!<\/p>\n\n\n\n<h3 class=\"wp-block-heading\">Mire van sz\u00fcks\u00e9ged m\u00e1r a weboldal el\u0151tt, hogy tudjunk egy\u00fctt dolgozni?<\/h3>\n\n\n\n<p>A v\u00e1llalkoz\u00e1sod neve, illetve, hogy mi a c\u00e9lod a weboldaladdal. Ha ez megvan akkor kezdhetj\u00fck is a k\u00f6z\u00f6s munk\u00e1t!<\/p>\n\n\n\n<div class=\"wp-block-buttons is-layout-flex wp-block-buttons-is-layout-flex\">\n<div class=\"wp-block-button\"><a class=\"wp-block-button__link wp-element-button\" href=\"https:\/\/femstudio.hu\/en\/?page_id=150\">\n<div class=\"line-top\"><\/div>\n<div class=\"line-right\"><\/div>\n<div class=\"line-bottom\"><\/div>\n<div class=\"line-left\"><\/div>V\u00e1gjunk bele!<\/a><\/div>\n<\/div>\n<\/div>\n<\/div>\n\n\n\n<h3 class=\"wp-block-heading\">Mit tartalmaz?<\/h3>\n\n\n\n<div class=\"wp-block-group row\"><div class=\"wp-block-group__inner-container is-layout-constrained wp-block-group-is-layout-constrained\">\n<div class=\"wp-block-group col-1-6 square hide\"><div class=\"wp-block-group__inner-container is-layout-constrained wp-block-group-is-layout-constrained\">\n<h4 class=\"wp-block-heading has-text-align-center\">Logo<\/h4>\n\n\n\n<p class=\"has-text-align-center\">Ha m\u00e9g nincs log\u00f3d, akkor el\u0151sz\u00f6r ennek tervez\u00e9s\u00e9vel kezd\u00fcnk, e k\u00f6r\u00e9 \u00e9p\u00edtj\u00fck majd az oldalad \u00e9s annak teljes st\u00edlus\u00e1t.<\/p>\n<\/div><\/div>\n\n\n\n<div class=\"wp-block-group col-1-6 square  hide\"><div class=\"wp-block-group__inner-container is-layout-constrained wp-block-group-is-layout-constrained\">\n<h4 class=\"wp-block-heading has-text-align-center\">UX tervez\u00e9s<\/h4>\n\n\n\n<p class=\"has-text-align-center\">Miut\u00e1n felm\u00e9rt\u00fck mire van sz\u00fcks\u00e9ged, kialak\u00edtjuk az oldalad fel\u00e9p\u00edt\u00e9s\u00e9t, az aloldalakat \u00e9s a men\u00fc szerkezet\u00e9t \u00fagy, hogy az a legjobb legyen neked.<\/p>\n<\/div><\/div>\n\n\n\n<div class=\"wp-block-group col-1-6 square  hide\"><div class=\"wp-block-group__inner-container is-layout-constrained wp-block-group-is-layout-constrained\">\n<h4 class=\"wp-block-heading has-text-align-center\">UI tervez\u00e9s<\/h4>\n\n\n\n<p class=\"has-text-align-center\">Elk\u00e9sz\u00edtem a weboldal kin\u00e9zet\u00e9t. A weboldal megjelen\u00e9s\u00e9t minden esetben reszponz\u00edvan k\u00e9sz\u00edtem el, amely igazodni fog minden kijelz\u0151h\u00f6z.<\/p>\n<\/div><\/div>\n\n\n\n<div class=\"wp-block-group col-1-6 square  hide\"><div class=\"wp-block-group__inner-container is-layout-constrained wp-block-group-is-layout-constrained\">\n<h4 class=\"wp-block-heading has-text-align-center\">Oldal fel\u00e9p\u00edt\u00e9se<\/h4>\n\n\n\n<p class=\"has-text-align-center\">WordPress honlapmotorra \u00e9p\u00edtem fel az oldalad. A grafikai tervb\u0151l saj\u00e1t egyedi sablont k\u00e9sz\u00edtek neked html, css, js \u00e9s php nyelvekkel.<\/p>\n<\/div><\/div>\n\n\n\n<div class=\"wp-block-group col-1-6 square  hide\"><div class=\"wp-block-group__inner-container is-layout-constrained wp-block-group-is-layout-constrained\">\n<h4 class=\"wp-block-heading has-text-align-center\">Tartalom<\/h4>\n\n\n\n<p class=\"has-text-align-center\">Az \u00e1ltalad k\u00fcld\u00f6tt tartalmat felt\u00f6lt\u00f6m az oldaladra, be\u00e1ll\u00edtom a k\u00e9peket, hogy megfelel\u0151 min\u0151s\u00e9gben, de gyorsan jelenhessen meg a weboldalad.<\/p>\n<\/div><\/div>\n\n\n\n<div class=\"wp-block-group col-1-6 square  hide\"><div class=\"wp-block-group__inner-container is-layout-constrained wp-block-group-is-layout-constrained\">\n<h4 class=\"wp-block-heading has-text-align-center\">Seo<\/h4>\n\n\n\n<p class=\"has-text-align-center\">SEO technikai be\u00e1ll\u00edt\u00e1sokat elv\u00e9gzem, ami seg\u00edteni fog a google rangsorol\u00e1s\u00e1ban.<\/p>\n<\/div><\/div>\n<\/div><\/div>\n\n\n\n<div style=\"height:60px\" aria-hidden=\"true\" class=\"wp-block-spacer\"><\/div>\n\n\n<div class=\"wp-block-image\">\n<figure class=\"aligncenter size-full\"><img decoding=\"async\" src=\"https:\/\/femstudio.hu\/wp-content\/uploads\/2024\/11\/Group-58.svg\" alt=\"dekor-karikak\" class=\"wp-image-58\"\/><\/figure>\n<\/div>\n\n\n<div style=\"height:60px\" aria-hidden=\"true\" class=\"wp-block-spacer\"><\/div>\n\n\n\n<div class=\"wp-block-columns is-layout-flex wp-container-core-columns-is-layout-9d6595d7 wp-block-columns-is-layout-flex\">\n<div class=\"wp-block-column order-change is-layout-flow wp-block-column-is-layout-flow\">\n<h2 class=\"wp-block-heading\" id=\"setting\">Maintenance<\/h2>\n\n\n\n<p>Ahhoz, hogy sok\u00e1ig megb\u00edzhat\u00f3an m\u0171k\u00f6dj\u00f6n az oldalad id\u0151k\u00f6z\u00f6nk\u00e9nt karban kell tartani. Ha nem szeretn\u00e9d te elv\u00e9gezni ezt a feladatot, akkor r\u00e1m b\u00edzhatod!<\/p>\n\n\n\n<h3 class=\"wp-block-heading\">Verzi\u00f3k<\/h3>\n\n\n\n<ul class=\"wp-block-list\">\n<li>havonta<\/li>\n\n\n\n<li>alkalmank\u00e9nt<\/li>\n<\/ul>\n\n\n\n<div class=\"wp-block-buttons is-layout-flex wp-block-buttons-is-layout-flex\">\n<div class=\"wp-block-button\"><a class=\"wp-block-button__link wp-element-button\" href=\"https:\/\/femstudio.hu\/en\/?page_id=150\"><div class=\"line-top\"><\/div> <div class=\"line-right\"><\/div> <div class=\"line-bottom\"><\/div> <div class=\"line-left\"><\/div>Ezt szeretn\u00e9m!<\/a><\/div>\n<\/div>\n<\/div>\n\n\n\n<div class=\"wp-block-column is-layout-flow wp-block-column-is-layout-flow\">\n<figure class=\"wp-block-image size-full\"><img loading=\"lazy\" decoding=\"async\" width=\"737\" height=\"404\" sizes=\"auto, (max-width: 737px) 100vw, 737px\" src=\"https:\/\/femstudio.hu\/wp-content\/uploads\/setting-2.webp\" alt=\"\" class=\"wp-image-184\" srcset=\"https:\/\/femstudio.hu\/wp-content\/uploads\/setting-2.webp 737w, https:\/\/femstudio.hu\/wp-content\/uploads\/setting-2-300x164.webp 300w\" \/><\/figure>\n<\/div>\n<\/div>\n\n\n\n<div class=\"wp-block-group portfolio full-wide\"><div class=\"wp-block-group__inner-container is-layout-constrained wp-block-group-is-layout-constrained\">\n<h2 class=\"wp-block-heading has-text-align-center\">Projects<\/h2>\n\n\n\n<div class=\"wp-block-buttons is-content-justification-center is-layout-flex wp-container-core-buttons-is-layout-16018d1d wp-block-buttons-is-layout-flex\">\n<div class=\"wp-block-button\"><a class=\"wp-block-button__link wp-element-button\" href=\"https:\/\/femstudio.hu\/en\/?page_id=146\"><div class=\"line-top\"><\/div>\n    <div class=\"line-right\"><\/div>\n    <div class=\"line-bottom\"><\/div>\n    <div class=\"line-left\"><\/div>Let's see!<\/a><\/div>\n<\/div>\n<\/div><\/div>","protected":false},"excerpt":{"rendered":"<p>Szolg\u00e1ltat\u00e1saim Ha m\u00e9g nem tudod pontosan mit szeretn\u00e9l, \u00edrj nyugodtan egyedi aj\u00e1nlat\u00e9rt \u00e9s seg\u00edtek! Kisarculat V\u00e1llalkoz\u00e1sod lelke az arculatod. Ahhoz, hogy ki tudj emelkedni a versenyt\u00e1rsak k\u00f6z\u00fcl sz\u00fcks\u00e9ged lesz egy egys\u00e9ges megjelen\u00e9sre, amelyet minden fel\u00fcleten \u00e9s eszk\u00f6z\u00f6n tudsz haszn\u00e1lni. Mire van sz\u00fcks\u00e9ged m\u00e1r a kisarculat el\u0151tt, hogy tudjunk egy\u00fctt dolgozni? A v\u00e1llalkoz\u00e1sod neve. Ha ez [&hellip;]<\/p>\n","protected":false},"author":1,"featured_media":0,"parent":0,"menu_order":0,"comment_status":"closed","ping_status":"closed","template":"","meta":{"footnotes":""},"class_list":["post-148","page","type-page","status-publish","hentry"],"yoast_head":"<!-- This site is optimized with the Yoast SEO plugin v27.2 - https:\/\/yoast.com\/product\/yoast-seo-wordpress\/ -->\n<title>Fem Studio<\/title>\n<meta name=\"description\" content=\"Kisarculat k\u00e9sz\u00edt\u00e9se, illetve egyedi weboldal tervez\u00e9se \u00e9s kivitelez\u00e9se kisv\u00e1llalkoz\u00e1sod sz\u00e1m\u00e1ra, hogy kiemelkedhess.\" \/>\n<meta name=\"robots\" content=\"index, follow, max-snippet:-1, max-image-preview:large, max-video-preview:-1\" \/>\n<link rel=\"canonical\" href=\"https:\/\/femstudio.hu\/en\/szolgaltatasok\/\" \/>\n<meta property=\"og:locale\" content=\"en_GB\" \/>\n<meta property=\"og:type\" content=\"article\" \/>\n<meta property=\"og:title\" content=\"Fem Studio\" \/>\n<meta property=\"og:description\" content=\"Kisarculat k\u00e9sz\u00edt\u00e9se, illetve egyedi weboldal tervez\u00e9se \u00e9s kivitelez\u00e9se kisv\u00e1llalkoz\u00e1sod sz\u00e1m\u00e1ra, hogy kiemelkedhess.\" \/>\n<meta property=\"og:url\" content=\"https:\/\/femstudio.hu\/en\/szolgaltatasok\/\" \/>\n<meta property=\"og:site_name\" content=\"Fem Studio\" \/>\n<meta property=\"article:publisher\" content=\"https:\/\/www.facebook.com\/profile.php?id=61570439585795\" \/>\n<meta property=\"article:modified_time\" content=\"2025-01-25T18:31:34+00:00\" \/>\n<meta property=\"og:image\" content=\"https:\/\/femstudio.hu\/wp-content\/uploads\/brandcolor-2.webp\" \/>\n\t<meta property=\"og:image:width\" content=\"740\" \/>\n\t<meta property=\"og:image:height\" content=\"462\" \/>\n\t<meta property=\"og:image:type\" content=\"image\/webp\" \/>\n<meta name=\"twitter:card\" content=\"summary_large_image\" \/>\n<meta name=\"twitter:label1\" content=\"Estimated reading time\" \/>\n\t<meta name=\"twitter:data1\" content=\"4 minutes\" \/>\n<script type=\"application\/ld+json\" class=\"yoast-schema-graph\">{\"@context\":\"https:\/\/schema.org\",\"@graph\":[{\"@type\":\"WebPage\",\"@id\":\"https:\/\/femstudio.hu\/szolgaltatasok\/\",\"url\":\"https:\/\/femstudio.hu\/szolgaltatasok\/\",\"name\":\"Fem Studio\",\"isPartOf\":{\"@id\":\"https:\/\/femstudio.hu\/#website\"},\"primaryImageOfPage\":{\"@id\":\"https:\/\/femstudio.hu\/szolgaltatasok\/#primaryimage\"},\"image\":{\"@id\":\"https:\/\/femstudio.hu\/szolgaltatasok\/#primaryimage\"},\"thumbnailUrl\":\"https:\/\/femstudio.hu\/wp-content\/uploads\/brandcolor-2.webp\",\"datePublished\":\"2024-11-10T17:04:46+00:00\",\"dateModified\":\"2025-01-25T18:31:34+00:00\",\"description\":\"Kisarculat k\u00e9sz\u00edt\u00e9se, illetve egyedi weboldal tervez\u00e9se \u00e9s kivitelez\u00e9se kisv\u00e1llalkoz\u00e1sod sz\u00e1m\u00e1ra, hogy kiemelkedhess.\",\"breadcrumb\":{\"@id\":\"https:\/\/femstudio.hu\/szolgaltatasok\/#breadcrumb\"},\"inLanguage\":\"en-GB\",\"potentialAction\":[{\"@type\":\"ReadAction\",\"target\":[\"https:\/\/femstudio.hu\/szolgaltatasok\/\"]}]},{\"@type\":\"ImageObject\",\"inLanguage\":\"en-GB\",\"@id\":\"https:\/\/femstudio.hu\/szolgaltatasok\/#primaryimage\",\"url\":\"https:\/\/femstudio.hu\/wp-content\/uploads\/brandcolor-2.webp\",\"contentUrl\":\"https:\/\/femstudio.hu\/wp-content\/uploads\/brandcolor-2.webp\"},{\"@type\":\"BreadcrumbList\",\"@id\":\"https:\/\/femstudio.hu\/szolgaltatasok\/#breadcrumb\",\"itemListElement\":[{\"@type\":\"ListItem\",\"position\":1,\"name\":\"Kezd\u0151lap\",\"item\":\"https:\/\/femstudio.hu\/\"},{\"@type\":\"ListItem\",\"position\":2,\"name\":\"Szolg\u00e1ltat\u00e1sok\"}]},{\"@type\":\"WebSite\",\"@id\":\"https:\/\/femstudio.hu\/#website\",\"url\":\"https:\/\/femstudio.hu\/\",\"name\":\"Fem Studio\",\"description\":\"Weboldal tervez\u00e9st\u0151l a kivitelez\u00e9sig\",\"publisher\":{\"@id\":\"https:\/\/femstudio.hu\/#organization\"},\"potentialAction\":[{\"@type\":\"SearchAction\",\"target\":{\"@type\":\"EntryPoint\",\"urlTemplate\":\"https:\/\/femstudio.hu\/?s={search_term_string}\"},\"query-input\":{\"@type\":\"PropertyValueSpecification\",\"valueRequired\":true,\"valueName\":\"search_term_string\"}}],\"inLanguage\":\"en-GB\"},{\"@type\":\"Organization\",\"@id\":\"https:\/\/femstudio.hu\/#organization\",\"name\":\"Fem Studio\",\"url\":\"https:\/\/femstudio.hu\/\",\"logo\":{\"@type\":\"ImageObject\",\"inLanguage\":\"en-GB\",\"@id\":\"https:\/\/femstudio.hu\/#\/schema\/logo\/image\/\",\"url\":\"https:\/\/femstudio.hu\/wp-content\/uploads\/cropped-Group-69.png\",\"contentUrl\":\"https:\/\/femstudio.hu\/wp-content\/uploads\/cropped-Group-69.png\",\"width\":512,\"height\":512,\"caption\":\"Fem Studio\"},\"image\":{\"@id\":\"https:\/\/femstudio.hu\/#\/schema\/logo\/image\/\"},\"sameAs\":[\"https:\/\/www.facebook.com\/profile.php?id=61570439585795\",\"https:\/\/www.instagram.com\/femstudio.hu\/\"]}]}<\/script>\n<!-- \/ Yoast SEO plugin. -->","yoast_head_json":{"title":"Fem Studio","description":"Kisarculat k\u00e9sz\u00edt\u00e9se, illetve egyedi weboldal tervez\u00e9se \u00e9s kivitelez\u00e9se kisv\u00e1llalkoz\u00e1sod sz\u00e1m\u00e1ra, hogy kiemelkedhess.","robots":{"index":"index","follow":"follow","max-snippet":"max-snippet:-1","max-image-preview":"max-image-preview:large","max-video-preview":"max-video-preview:-1"},"canonical":"https:\/\/femstudio.hu\/en\/szolgaltatasok\/","og_locale":"en_GB","og_type":"article","og_title":"Fem Studio","og_description":"Kisarculat k\u00e9sz\u00edt\u00e9se, illetve egyedi weboldal tervez\u00e9se \u00e9s kivitelez\u00e9se kisv\u00e1llalkoz\u00e1sod sz\u00e1m\u00e1ra, hogy kiemelkedhess.","og_url":"https:\/\/femstudio.hu\/en\/szolgaltatasok\/","og_site_name":"Fem Studio","article_publisher":"https:\/\/www.facebook.com\/profile.php?id=61570439585795","article_modified_time":"2025-01-25T18:31:34+00:00","og_image":[{"width":740,"height":462,"url":"https:\/\/femstudio.hu\/wp-content\/uploads\/brandcolor-2.webp","type":"image\/webp"}],"twitter_card":"summary_large_image","twitter_misc":{"Estimated reading time":"4 minutes"},"schema":{"@context":"https:\/\/schema.org","@graph":[{"@type":"WebPage","@id":"https:\/\/femstudio.hu\/szolgaltatasok\/","url":"https:\/\/femstudio.hu\/szolgaltatasok\/","name":"Fem Studio","isPartOf":{"@id":"https:\/\/femstudio.hu\/#website"},"primaryImageOfPage":{"@id":"https:\/\/femstudio.hu\/szolgaltatasok\/#primaryimage"},"image":{"@id":"https:\/\/femstudio.hu\/szolgaltatasok\/#primaryimage"},"thumbnailUrl":"https:\/\/femstudio.hu\/wp-content\/uploads\/brandcolor-2.webp","datePublished":"2024-11-10T17:04:46+00:00","dateModified":"2025-01-25T18:31:34+00:00","description":"Kisarculat k\u00e9sz\u00edt\u00e9se, illetve egyedi weboldal tervez\u00e9se \u00e9s kivitelez\u00e9se kisv\u00e1llalkoz\u00e1sod sz\u00e1m\u00e1ra, hogy kiemelkedhess.","breadcrumb":{"@id":"https:\/\/femstudio.hu\/szolgaltatasok\/#breadcrumb"},"inLanguage":"en-GB","potentialAction":[{"@type":"ReadAction","target":["https:\/\/femstudio.hu\/szolgaltatasok\/"]}]},{"@type":"ImageObject","inLanguage":"en-GB","@id":"https:\/\/femstudio.hu\/szolgaltatasok\/#primaryimage","url":"https:\/\/femstudio.hu\/wp-content\/uploads\/brandcolor-2.webp","contentUrl":"https:\/\/femstudio.hu\/wp-content\/uploads\/brandcolor-2.webp"},{"@type":"BreadcrumbList","@id":"https:\/\/femstudio.hu\/szolgaltatasok\/#breadcrumb","itemListElement":[{"@type":"ListItem","position":1,"name":"Kezd\u0151lap","item":"https:\/\/femstudio.hu\/"},{"@type":"ListItem","position":2,"name":"Szolg\u00e1ltat\u00e1sok"}]},{"@type":"WebSite","@id":"https:\/\/femstudio.hu\/#website","url":"https:\/\/femstudio.hu\/","name":"Fem Studio","description":"Weboldal tervez\u00e9st\u0151l a kivitelez\u00e9sig","publisher":{"@id":"https:\/\/femstudio.hu\/#organization"},"potentialAction":[{"@type":"SearchAction","target":{"@type":"EntryPoint","urlTemplate":"https:\/\/femstudio.hu\/?s={search_term_string}"},"query-input":{"@type":"PropertyValueSpecification","valueRequired":true,"valueName":"search_term_string"}}],"inLanguage":"en-GB"},{"@type":"Organization","@id":"https:\/\/femstudio.hu\/#organization","name":"Fem Studio","url":"https:\/\/femstudio.hu\/","logo":{"@type":"ImageObject","inLanguage":"en-GB","@id":"https:\/\/femstudio.hu\/#\/schema\/logo\/image\/","url":"https:\/\/femstudio.hu\/wp-content\/uploads\/cropped-Group-69.png","contentUrl":"https:\/\/femstudio.hu\/wp-content\/uploads\/cropped-Group-69.png","width":512,"height":512,"caption":"Fem Studio"},"image":{"@id":"https:\/\/femstudio.hu\/#\/schema\/logo\/image\/"},"sameAs":["https:\/\/www.facebook.com\/profile.php?id=61570439585795","https:\/\/www.instagram.com\/femstudio.hu\/"]}]}},"_links":{"self":[{"href":"https:\/\/femstudio.hu\/en\/wp-json\/wp\/v2\/pages\/148","targetHints":{"allow":["GET"]}}],"collection":[{"href":"https:\/\/femstudio.hu\/en\/wp-json\/wp\/v2\/pages"}],"about":[{"href":"https:\/\/femstudio.hu\/en\/wp-json\/wp\/v2\/types\/page"}],"author":[{"embeddable":true,"href":"https:\/\/femstudio.hu\/en\/wp-json\/wp\/v2\/users\/1"}],"replies":[{"embeddable":true,"href":"https:\/\/femstudio.hu\/en\/wp-json\/wp\/v2\/comments?post=148"}],"version-history":[{"count":49,"href":"https:\/\/femstudio.hu\/en\/wp-json\/wp\/v2\/pages\/148\/revisions"}],"predecessor-version":[{"id":613,"href":"https:\/\/femstudio.hu\/en\/wp-json\/wp\/v2\/pages\/148\/revisions\/613"}],"wp:attachment":[{"href":"https:\/\/femstudio.hu\/en\/wp-json\/wp\/v2\/media?parent=148"}],"curies":[{"name":"wp","href":"https:\/\/api.w.org\/{rel}","templated":true}]}}